{"id":65,"date":"2019-12-05T11:00:19","date_gmt":"2019-12-05T10:00:19","guid":{"rendered":"https:\/\/www.teoriamusical.es\/blog\/?page_id=65"},"modified":"2020-07-10T12:14:02","modified_gmt":"2020-07-10T10:14:02","slug":"cursos-de-musica","status":"publish","type":"page","link":"https:\/\/www.teoriamusical.es\/blog\/cursos-de-musica\/","title":{"rendered":"Cursos de M\u00fasica: Temarios"},"content":{"rendered":"\n<p>Aqu\u00ed tienes los temarios de los 3 Cursos de M\u00fasica Moderna disponibles en este momento. La idea de todos los cursos es que integres todas estas t\u00e9cnicas de composici\u00f3n y musicales en tu lenguaje diario, no que los veas como si fuesen un documental. Si te gusta curr\u00e1rtelo para mejorar, est\u00e1s en el sitio indicado.<\/p>\n\n\n\n<p>Estos<a href=\"http:\/\/www.teoriamusical.es\"> Cursos de M\u00fasica<\/a> incluyen acceso de por vida al Drive que los contiene y, adem\u00e1s, puedes hacer consultas online via mail si tienes alguna duda. Tambi\u00e9n tendr\u00e1s acceso a un grupo de Facebook privado s\u00f3lo para alumnos de mis cursos de m\u00fasica, grupo donde subo contenido exclusivo para vosotros.<\/p>\n\n\n\n<h2 class=\"has-text-align-center wp-block-heading\">Curso Armon\u00eda Moderna | 13 horas | 23\u20ac<\/h2>\n\n\n\n<p> 01 Lo b\u00e1sico para empezar<\/p>\n\n\n\n<p>02 Funciones Tonales \u2013 Visi\u00f3n general<\/p>\n\n\n\n<p>03 Dominantes Secundarios<\/p>\n\n\n\n<p>04 Dominantes Extendidos<\/p>\n\n\n\n<p>05 Dominantes Sustitutos (SubV7)<\/p>\n\n\n\n<p>06 Soluci\u00f3n ejercicios SubV7<\/p>\n\n\n\n<p>07 Consideraciones sobre los SubV7<\/p>\n\n\n\n<p>08 Modos y Source Scales<\/p>\n\n\n\n<p>09 Root Motion<\/p>\n\n\n\n<p>10 Escribir el Analisis Musical<\/p>\n\n\n\n<p>11 Trabajo con Modos Menores<\/p>\n\n\n\n<p>12 Modos de la Escala Menor Melodica<\/p>\n\n\n\n<p>13 Modos de la Escala Menor Armonica<\/p>\n\n\n\n<p>14 Ejercicios del iib5-V7-i<\/p>\n\n\n\n<p>15 Modos del Disminuido<\/p>\n\n\n\n<p>16 Modos del Bebop<\/p>\n\n\n\n<p>17 Cliche Lineal e Ideas sobre Analisis<\/p>\n\n\n\n<p>18 Explotando los Modos Menores<\/p>\n\n\n\n<p>19 Intercambio Modal<\/p>\n\n\n\n<p>20 Los II-V secundarios y la doble funcion tonal<\/p>\n\n\n\n<p>21 Modulaciones<\/p>\n\n\n\n<p>22 Modulacion a III<\/p>\n\n\n\n<p>23 Modulacion a VI<\/p>\n\n\n\n<p>24 Modulacion de Menor a Mayor<\/p>\n\n\n\n<p>25 Modulacion por Terceras Menores<\/p>\n\n\n\n<p>26 Modulacion por Terceras Mayores<\/p>\n\n\n\n<p>27 Coltrane Changes<\/p>\n\n\n\n<p>28 Pentat\u00f3nicas <\/p>\n\n\n\n<h2 class=\"has-text-align-center wp-block-heading\">Curso Voicings (Disposiciones del acorde) | 9 horas | 23\u20ac<\/h2>\n\n\n\n<p> 01 Presentaci\u00f3n<\/p>\n\n\n\n<p>02 Top Note<\/p>\n\n\n\n<p>03 Low Interval Limit aplicado a Voicings<\/p>\n\n\n\n<p>04 Block Voicings<\/p>\n\n\n\n<p>05 Voicings Abiertos y Drops<\/p>\n\n\n\n<p>06 Shell Voicings B\u00e1sicos<\/p>\n\n\n\n<p>07 Sus4 y Sus4b9<\/p>\n\n\n\n<p>08 Left Hand Voicings Parte 1<\/p>\n\n\n\n<p>09 Left Hand Voicings Parte 2<\/p>\n\n\n\n<p>10 Left Hand Voicings Parte 3<\/p>\n\n\n\n<p>11 Fourth Voicings Parte 1<\/p>\n\n\n\n<p>12 Fourth Voicings Parte 2<\/p>\n\n\n\n<p>13 Fourth Voicings Parte 3<\/p>\n\n\n\n<p>14 Upper Structures Parte 1<\/p>\n\n\n\n<p>15 Upper Structures Parte 2<\/p>\n\n\n\n<p>16 Cluster Voicings<\/p>\n\n\n\n<p>17 Monk Voicings<\/p>\n\n\n\n<p>18 Voice Leading<\/p>\n\n\n\n<h2 class=\"has-text-align-center wp-block-heading\"> Curso de Desarrollo Mel\u00f3dico | 13 horas | 23\u20ac<\/h2>\n\n\n\n<p> 00 \u2013 Presentaci\u00f3n<\/p>\n\n\n\n<p>01 \u2013 Gravedad Mel\u00f3dica<\/p>\n\n\n\n<p>02 \u2013 Gravedad Arm\u00f3nica<\/p>\n\n\n\n<p>03 \u2013 Los 3 Movimientos B\u00e1sicos<\/p>\n\n\n\n<p>04 \u2013 Consideraciones Horizontales<\/p>\n\n\n\n<p>05 \u2013 \u00c9xitos Pentat\u00f3nicos<\/p>\n\n\n\n<p>06 \u2013 Ejemplos de T\u00e9cnicas Vistas<\/p>\n\n\n\n<p>07 \u2013 Melod\u00edas Tri\u00e1dicas<\/p>\n\n\n\n<p>08\u2013 Melod\u00edas por Grado Conjunto<\/p>\n\n\n\n<p>09 \u2013 Esquemas Mel\u00f3dicos I<\/p>\n\n\n\n<p>10 \u2013 Landings Points y Notas Gu\u00eda<\/p>\n\n\n\n<p>11 \u2013 Desarrollos Horizontales en Base a Landing Points y Notas Gu\u00eda<\/p>\n\n\n\n<p>12 \u2013 Secuencias Diat\u00f3nicas y Secuencias Reales<\/p>\n\n\n\n<p>13 \u2013 Secuencias Parte II<\/p>\n\n\n\n<p>14 \u2013 Aliteraciones Mel\u00f3dicas<\/p>\n\n\n\n<p>15 \u2013 Laboratorio Mel\u00f3dico I \u2013 Curvas<\/p>\n\n\n\n<p>16 \u2013 Laboratorio Mel\u00f3dico II \u2013 Rotaciones 1<\/p>\n\n\n\n<p>17 \u2013 Laboratorio Mel\u00f3dico III \u2013 Rotaciones 2<\/p>\n\n\n\n<p>18 \u2013 Laboratorio Mel\u00f3dico IV \u2013 Aumentos, Disminuciones y Combinatoria<\/p>\n\n\n\n<p>19 \u2013 Laboratorio Mel\u00f3dico V \u2013 Elasticidad Mel\u00f3dica<\/p>\n\n\n\n<p>20 \u2013 Laboratorio Mel\u00f3dico VI \u2013 Outlines 1<\/p>\n\n\n\n<p>21 \u2013 Laboratorio Mel\u00f3dico VII \u2013 Outlines 2<\/p>\n\n\n\n<p>22 \u2013 Laboratorio Mel\u00f3dico VIII \u2013 Transformaci\u00f3n Modal<\/p>\n\n\n\n<p>23 \u2013 Laboratorio Mel\u00f3dico IX \u2013 Uso Zonal<\/p>\n\n\n\n<p>24 \u2013 Laboratorio Mel\u00f3dico X \u2013 Recursos Aplicados<\/p>\n\n\n\n<h2 class=\"has-text-align-center wp-block-heading\">Pr\u00f3ximos Cursos de M\u00fasica Moderna <\/h2>\n\n\n\n<p>Armon\u00eda Avanzada, <em>Orquestaci\u00f3n y Lenguaje Arm\u00f3nico de Bandas Sonoras<\/em><\/p>\n\n\n\n<p><a href=\"http:\/\/www.youtube.com\/countblissett\">Mi Canal de Youtube con Recursos Gratuitos Sobre Armon\u00eda Moderna y Composici\u00f3n<\/a><\/p>\n\n\n\n<p><\/p>\n","protected":false},"excerpt":{"rendered":"<p>Aqu\u00ed tienes los temarios de los 3 Cursos de M\u00fasica Moderna disponibles en este momento. La idea de todos los cursos es que integres todas estas t\u00e9cnicas de composici\u00f3n y musicales en tu lenguaje diario, no que los veas como &hellip; <a href=\"https:\/\/www.teoriamusical.es\/blog\/cursos-de-musica\/\">Sigue leyendo <span class=\"meta-nav\">&rarr;<\/span><\/a><\/p>\n","protected":false},"author":1,"featured_media":0,"parent":0,"menu_order":0,"comment_status":"closed","ping_status":"closed","template":"","meta":{"_monsterinsights_skip_tracking":false,"_monsterinsights_sitenote_active":false,"_monsterinsights_sitenote_note":"","_monsterinsights_sitenote_category":0,"footnotes":""},"class_list":["post-65","page","type-page","status-publish","hentry"],"yoast_head":"<!-- This site is optimized with the Yoast SEO plugin v19.6 - https:\/\/yoast.com\/wordpress\/plugins\/seo\/ -->\n<title>Cursos de M\u00fasica: Temarios - Teor\u00eda Musical<\/title>\n<meta name=\"description\" content=\"Cursos de M\u00fasica que encontrar\u00e1s aqu\u00ed: Armon\u00eda Moderna, Voicings, Desarrollo Mel\u00f3dico, Orquestaci\u00f3n, M\u00fasica de Cine y pr\u00f3ximos cursos.\" \/>\n<meta name=\"robots\" content=\"index, follow, max-snippet:-1, max-image-preview:large, max-video-preview:-1\" \/>\n<link rel=\"canonical\" href=\"https:\/\/www.teoriamusical.es\/blog\/cursos-de-musica\/\" \/>\n<meta property=\"og:locale\" content=\"es_ES\" \/>\n<meta property=\"og:type\" content=\"article\" \/>\n<meta property=\"og:title\" content=\"Cursos de M\u00fasica: Temarios - Teor\u00eda Musical\" \/>\n<meta property=\"og:description\" content=\"Cursos de M\u00fasica que encontrar\u00e1s aqu\u00ed: Armon\u00eda Moderna, Voicings, Desarrollo Mel\u00f3dico, Orquestaci\u00f3n, M\u00fasica de Cine y pr\u00f3ximos cursos.\" \/>\n<meta property=\"og:url\" content=\"https:\/\/www.teoriamusical.es\/blog\/cursos-de-musica\/\" \/>\n<meta property=\"og:site_name\" content=\"Teor\u00eda Musical\" \/>\n<meta property=\"article:modified_time\" content=\"2020-07-10T10:14:02+00:00\" \/>\n<meta name=\"twitter:card\" content=\"summary_large_image\" \/>\n<meta name=\"twitter:label1\" content=\"Tiempo de lectura\" \/>\n\t<meta name=\"twitter:data1\" content=\"2 minutos\" \/>\n<script type=\"application\/ld+json\" class=\"yoast-schema-graph\">{\"@context\":\"https:\/\/schema.org\",\"@graph\":[{\"@type\":\"WebPage\",\"@id\":\"https:\/\/www.teoriamusical.es\/blog\/cursos-de-musica\/\",\"url\":\"https:\/\/www.teoriamusical.es\/blog\/cursos-de-musica\/\",\"name\":\"Cursos de M\u00fasica: Temarios - Teor\u00eda Musical\",\"isPartOf\":{\"@id\":\"https:\/\/www.teoriamusical.es\/blog\/#website\"},\"datePublished\":\"2019-12-05T10:00:19+00:00\",\"dateModified\":\"2020-07-10T10:14:02+00:00\",\"description\":\"Cursos de M\u00fasica que encontrar\u00e1s aqu\u00ed: Armon\u00eda Moderna, Voicings, Desarrollo Mel\u00f3dico, Orquestaci\u00f3n, M\u00fasica de Cine y pr\u00f3ximos cursos.\",\"breadcrumb\":{\"@id\":\"https:\/\/www.teoriamusical.es\/blog\/cursos-de-musica\/#breadcrumb\"},\"inLanguage\":\"es\",\"potentialAction\":[{\"@type\":\"ReadAction\",\"target\":[\"https:\/\/www.teoriamusical.es\/blog\/cursos-de-musica\/\"]}]},{\"@type\":\"BreadcrumbList\",\"@id\":\"https:\/\/www.teoriamusical.es\/blog\/cursos-de-musica\/#breadcrumb\",\"itemListElement\":[{\"@type\":\"ListItem\",\"position\":1,\"name\":\"Home\",\"item\":\"https:\/\/www.teoriamusical.es\/blog\/\"},{\"@type\":\"ListItem\",\"position\":2,\"name\":\"Cursos de M\u00fasica: Temarios\"}]},{\"@type\":\"WebSite\",\"@id\":\"https:\/\/www.teoriamusical.es\/blog\/#website\",\"url\":\"https:\/\/www.teoriamusical.es\/blog\/\",\"name\":\"Teor\u00eda Musical\",\"description\":\"Teor\u00eda Musical, Armon\u00eda Moderna y Cursos Online\",\"publisher\":{\"@id\":\"https:\/\/www.teoriamusical.es\/blog\/#\/schema\/person\/abbe30b6f6b449ac9e19ab236fe3d80c\"},\"potentialAction\":[{\"@type\":\"SearchAction\",\"target\":{\"@type\":\"EntryPoint\",\"urlTemplate\":\"https:\/\/www.teoriamusical.es\/blog\/?s={search_term_string}\"},\"query-input\":\"required name=search_term_string\"}],\"inLanguage\":\"es\"},{\"@type\":[\"Person\",\"Organization\"],\"@id\":\"https:\/\/www.teoriamusical.es\/blog\/#\/schema\/person\/abbe30b6f6b449ac9e19ab236fe3d80c\",\"name\":\"teoriamusical.es\",\"image\":{\"@type\":\"ImageObject\",\"inLanguage\":\"es\",\"@id\":\"https:\/\/www.teoriamusical.es\/blog\/#\/schema\/person\/image\/\",\"url\":\"https:\/\/secure.gravatar.com\/avatar\/1d7014e5a95916f717d86ab0aceffce14fd35c12b39d368d60384afae17e1760?s=96&d=mm&r=g\",\"contentUrl\":\"https:\/\/secure.gravatar.com\/avatar\/1d7014e5a95916f717d86ab0aceffce14fd35c12b39d368d60384afae17e1760?s=96&d=mm&r=g\",\"caption\":\"teoriamusical.es\"},\"logo\":{\"@id\":\"https:\/\/www.teoriamusical.es\/blog\/#\/schema\/person\/image\/\"}}]}<\/script>\n<!-- \/ Yoast SEO plugin. -->","yoast_head_json":{"title":"Cursos de M\u00fasica: Temarios - Teor\u00eda Musical","description":"Cursos de M\u00fasica que encontrar\u00e1s aqu\u00ed: Armon\u00eda Moderna, Voicings, Desarrollo Mel\u00f3dico, Orquestaci\u00f3n, M\u00fasica de Cine y pr\u00f3ximos cursos.","robots":{"index":"index","follow":"follow","max-snippet":"max-snippet:-1","max-image-preview":"max-image-preview:large","max-video-preview":"max-video-preview:-1"},"canonical":"https:\/\/www.teoriamusical.es\/blog\/cursos-de-musica\/","og_locale":"es_ES","og_type":"article","og_title":"Cursos de M\u00fasica: Temarios - Teor\u00eda Musical","og_description":"Cursos de M\u00fasica que encontrar\u00e1s aqu\u00ed: Armon\u00eda Moderna, Voicings, Desarrollo Mel\u00f3dico, Orquestaci\u00f3n, M\u00fasica de Cine y pr\u00f3ximos cursos.","og_url":"https:\/\/www.teoriamusical.es\/blog\/cursos-de-musica\/","og_site_name":"Teor\u00eda Musical","article_modified_time":"2020-07-10T10:14:02+00:00","twitter_card":"summary_large_image","twitter_misc":{"Tiempo de lectura":"2 minutos"},"schema":{"@context":"https:\/\/schema.org","@graph":[{"@type":"WebPage","@id":"https:\/\/www.teoriamusical.es\/blog\/cursos-de-musica\/","url":"https:\/\/www.teoriamusical.es\/blog\/cursos-de-musica\/","name":"Cursos de M\u00fasica: Temarios - Teor\u00eda Musical","isPartOf":{"@id":"https:\/\/www.teoriamusical.es\/blog\/#website"},"datePublished":"2019-12-05T10:00:19+00:00","dateModified":"2020-07-10T10:14:02+00:00","description":"Cursos de M\u00fasica que encontrar\u00e1s aqu\u00ed: Armon\u00eda Moderna, Voicings, Desarrollo Mel\u00f3dico, Orquestaci\u00f3n, M\u00fasica de Cine y pr\u00f3ximos cursos.","breadcrumb":{"@id":"https:\/\/www.teoriamusical.es\/blog\/cursos-de-musica\/#breadcrumb"},"inLanguage":"es","potentialAction":[{"@type":"ReadAction","target":["https:\/\/www.teoriamusical.es\/blog\/cursos-de-musica\/"]}]},{"@type":"BreadcrumbList","@id":"https:\/\/www.teoriamusical.es\/blog\/cursos-de-musica\/#breadcrumb","itemListElement":[{"@type":"ListItem","position":1,"name":"Home","item":"https:\/\/www.teoriamusical.es\/blog\/"},{"@type":"ListItem","position":2,"name":"Cursos de M\u00fasica: Temarios"}]},{"@type":"WebSite","@id":"https:\/\/www.teoriamusical.es\/blog\/#website","url":"https:\/\/www.teoriamusical.es\/blog\/","name":"Teor\u00eda Musical","description":"Teor\u00eda Musical, Armon\u00eda Moderna y Cursos Online","publisher":{"@id":"https:\/\/www.teoriamusical.es\/blog\/#\/schema\/person\/abbe30b6f6b449ac9e19ab236fe3d80c"},"potentialAction":[{"@type":"SearchAction","target":{"@type":"EntryPoint","urlTemplate":"https:\/\/www.teoriamusical.es\/blog\/?s={search_term_string}"},"query-input":"required name=search_term_string"}],"inLanguage":"es"},{"@type":["Person","Organization"],"@id":"https:\/\/www.teoriamusical.es\/blog\/#\/schema\/person\/abbe30b6f6b449ac9e19ab236fe3d80c","name":"teoriamusical.es","image":{"@type":"ImageObject","inLanguage":"es","@id":"https:\/\/www.teoriamusical.es\/blog\/#\/schema\/person\/image\/","url":"https:\/\/secure.gravatar.com\/avatar\/1d7014e5a95916f717d86ab0aceffce14fd35c12b39d368d60384afae17e1760?s=96&d=mm&r=g","contentUrl":"https:\/\/secure.gravatar.com\/avatar\/1d7014e5a95916f717d86ab0aceffce14fd35c12b39d368d60384afae17e1760?s=96&d=mm&r=g","caption":"teoriamusical.es"},"logo":{"@id":"https:\/\/www.teoriamusical.es\/blog\/#\/schema\/person\/image\/"}}]}},"jetpack-related-posts":[{"id":79,"url":"https:\/\/www.teoriamusical.es\/blog\/clases-particulares-musica-online\/","url_meta":{"origin":65,"position":0},"title":"Clases Particulares de M\u00fasica: Online y Personalizadas","date":"diciembre 5, 2019","format":false,"excerpt":"Siempre digo que la gran ventaja de haber sido profesor en una academia privada de m\u00fasica moderna durante m\u00e1s de 12 a\u00f1os es la experiencia docente adquirida para llevar a buen puerto las Clases Particulares de M\u00fasica Online. El formato de las clases en aquel centro, donde tuve la suerte\u2026","rel":"","context":"Entrada similar","img":{"alt_text":"","src":"","width":0,"height":0},"classes":[]},{"id":493,"url":"https:\/\/www.teoriamusical.es\/blog\/composicion\/","url_meta":{"origin":65,"position":1},"title":"Masterclass de Composici\u00f3n","date":"enero 26, 2025","format":false,"excerpt":"Esta Masterclass se grab\u00f3 en vivo durante 5 d\u00edas con alumnos de los cursos de armon\u00eda, voicings, desarrollo mel\u00f3dico, armon\u00eda avanzada y orquestaci\u00f3n. Fueron sesiones por zoom donde se cubrieron sistemas compositivos aplicables a la composici\u00f3n en cualquier estilo moderno, sea m\u00fasica populares urbanas, m\u00fasica de cine o cualquier otro\u2026","rel":"","context":"Entrada similar","img":{"alt_text":"","src":"","width":0,"height":0},"classes":[]}],"_links":{"self":[{"href":"https:\/\/www.teoriamusical.es\/blog\/wp-json\/wp\/v2\/pages\/65","targetHints":{"allow":["GET"]}}],"collection":[{"href":"https:\/\/www.teoriamusical.es\/blog\/wp-json\/wp\/v2\/pages"}],"about":[{"href":"https:\/\/www.teoriamusical.es\/blog\/wp-json\/wp\/v2\/types\/page"}],"author":[{"embeddable":true,"href":"https:\/\/www.teoriamusical.es\/blog\/wp-json\/wp\/v2\/users\/1"}],"replies":[{"embeddable":true,"href":"https:\/\/www.teoriamusical.es\/blog\/wp-json\/wp\/v2\/comments?post=65"}],"version-history":[{"count":4,"href":"https:\/\/www.teoriamusical.es\/blog\/wp-json\/wp\/v2\/pages\/65\/revisions"}],"predecessor-version":[{"id":181,"href":"https:\/\/www.teoriamusical.es\/blog\/wp-json\/wp\/v2\/pages\/65\/revisions\/181"}],"wp:attachment":[{"href":"https:\/\/www.teoriamusical.es\/blog\/wp-json\/wp\/v2\/media?parent=65"}],"curies":[{"name":"wp","href":"https:\/\/api.w.org\/{rel}","templated":true}]}}