{"id":493,"date":"2025-01-26T14:40:16","date_gmt":"2025-01-26T13:40:16","guid":{"rendered":"https:\/\/www.teoriamusical.es\/blog\/?page_id=493"},"modified":"2025-01-26T14:42:31","modified_gmt":"2025-01-26T13:42:31","slug":"composicion","status":"publish","type":"page","link":"https:\/\/www.teoriamusical.es\/blog\/composicion\/","title":{"rendered":"Masterclass de Composici\u00f3n"},"content":{"rendered":"\n<p class=\"has-text-align-justify\">Esta Masterclass se grab\u00f3 en vivo durante 5 d\u00edas con alumnos de los cursos de armon\u00eda, voicings, desarrollo mel\u00f3dico, armon\u00eda avanzada y orquestaci\u00f3n.<\/p>\n\n\n\n<p class=\"has-text-align-justify\">Fueron sesiones por zoom donde se cubrieron <span style=\"text-decoration: underline;\"><strong>sistemas compositivos<\/strong> aplicables a la <strong>composici\u00f3n en cualquier estilo moderno<\/strong>, sea m\u00fasica populares urbanas, m\u00fasica de cine o cualquier otro tipo de m\u00fasica.<\/span> <\/p>\n\n\n\n<p class=\"has-text-align-justify\">Exploramos el concepto de <strong>plan pre-compositivo<\/strong>, vemos workflows efectivos para generar y desarrollar los materiales mel\u00f3dicos, r\u00edtmicos, arm\u00f3nicos y t\u00edmbricos de nuestra composici\u00f3n.<\/p>\n\n\n\n<p class=\"has-text-align-justify\">Vemos juntos qu\u00e9 <strong>nuevos paradigmas compositivos<\/strong> surgieron durante el siglo XX y c\u00f3mo afecta eso a nuestro trabajo como compositores, para ello se explican los distintos sistemas, los conceptos que puedan ser m\u00e1s complejos y algunas de sus t\u00e9cnicas asociadas, t\u00e9cnicas que pueden comprenderse mejor una vez nos sumergimos con la gu\u00eda de escucha en m\u00fasicas creadas con estos sistemas por compositores que destacan en el uso de algunos de estos sistemas.<\/p>\n\n\n\n<p class=\"has-text-align-justify\">Adem\u00e1s de esto, la masterclass <strong>incluye un peque\u00f1o curso preparatorio<\/strong> donde, de una forma lo m\u00e1s accesible posible, preparamos nuestro DAW para todo el trabajo de realizaremos despu\u00e9s con las t\u00e9cnicas compositivas explicadas. Los conceptos de mezcla y creaci\u00f3n del template para trabajar nuestras composiciones son abordados de la forma m\u00e1s sencilla posible, con ejemplos y met\u00e1foras que no buscan ser t\u00e9cnicas sino simples e ilustrativas.<\/p>\n\n\n\n<p class=\"has-text-align-justify\">El curso incluye <strong>gu\u00edas de audici\u00f3n<\/strong> para escuchar las <strong>t\u00e9cnicas y sistemas compositivos<\/strong> de los que hablamos en las clases, ya que la duraci\u00f3n de cada clase es de entre 5 y 6 horas y el verdadero aprovechamiento viene despu\u00e9s, cuando escuchamos los resultados una vez comprendido su fundamento e incorporamos los sistemas en nuestra m\u00fasica.<\/p>\n\n\n\n<p class=\"has-text-align-justify\">En el enlace puedes comprar las <strong><em><span style=\"text-decoration: underline;\">m\u00e1s de 30 horas de clase<\/span><\/em><\/strong> de las que consta esta masterclass. Es un pago \u00fanico con acceso de por vida y espero de coraz\u00f3n que disfrutes de este contenido.<\/p>\n\n\n\n<p class=\"has-text-align-center\"><a href=\"http:\/\/PAYPAL.ME\/TONYWORK\/100\">COMPRAR LA MASTERCLASS DE COMPOSICI\u00d3N<\/a><\/p>\n","protected":false},"excerpt":{"rendered":"<p>Esta Masterclass se grab\u00f3 en vivo durante 5 d\u00edas con alumnos de los cursos de armon\u00eda, voicings, desarrollo mel\u00f3dico, armon\u00eda avanzada y orquestaci\u00f3n. Fueron sesiones por zoom donde se cubrieron sistemas compositivos aplicables a la composici\u00f3n en cualquier estilo moderno, &hellip; <a href=\"https:\/\/www.teoriamusical.es\/blog\/composicion\/\">Sigue leyendo <span class=\"meta-nav\">&rarr;<\/span><\/a><\/p>\n","protected":false},"author":1,"featured_media":0,"parent":0,"menu_order":0,"comment_status":"closed","ping_status":"closed","template":"","meta":{"_monsterinsights_skip_tracking":false,"_monsterinsights_sitenote_active":false,"_monsterinsights_sitenote_note":"","_monsterinsights_sitenote_category":0,"footnotes":""},"class_list":["post-493","page","type-page","status-publish","hentry"],"yoast_head":"<!-- This site is optimized with the Yoast SEO plugin v19.6 - https:\/\/yoast.com\/wordpress\/plugins\/seo\/ -->\n<title>Masterclass de Composici\u00f3n - Teor\u00eda Musical<\/title>\n<meta name=\"description\" content=\"Masterclass de Composici\u00f3n con t\u00e9cnicas aplicables a cualquier estilo de m\u00fasica. M\u00e1s de 30 horas de formaci\u00f3n para mejorar tus composiciones.\" \/>\n<meta name=\"robots\" content=\"index, follow, max-snippet:-1, max-image-preview:large, max-video-preview:-1\" \/>\n<link rel=\"canonical\" href=\"https:\/\/www.teoriamusical.es\/blog\/composicion\/\" \/>\n<meta property=\"og:locale\" content=\"es_ES\" \/>\n<meta property=\"og:type\" content=\"article\" \/>\n<meta property=\"og:title\" content=\"Masterclass de Composici\u00f3n - Teor\u00eda Musical\" \/>\n<meta property=\"og:description\" content=\"Masterclass de Composici\u00f3n con t\u00e9cnicas aplicables a cualquier estilo de m\u00fasica. M\u00e1s de 30 horas de formaci\u00f3n para mejorar tus composiciones.\" \/>\n<meta property=\"og:url\" content=\"https:\/\/www.teoriamusical.es\/blog\/composicion\/\" \/>\n<meta property=\"og:site_name\" content=\"Teor\u00eda Musical\" \/>\n<meta property=\"article:modified_time\" content=\"2025-01-26T13:42:31+00:00\" \/>\n<meta name=\"twitter:card\" content=\"summary_large_image\" \/>\n<meta name=\"twitter:label1\" content=\"Tiempo de lectura\" \/>\n\t<meta name=\"twitter:data1\" content=\"2 minutos\" \/>\n<script type=\"application\/ld+json\" class=\"yoast-schema-graph\">{\"@context\":\"https:\/\/schema.org\",\"@graph\":[{\"@type\":\"WebPage\",\"@id\":\"https:\/\/www.teoriamusical.es\/blog\/composicion\/\",\"url\":\"https:\/\/www.teoriamusical.es\/blog\/composicion\/\",\"name\":\"Masterclass de Composici\u00f3n - Teor\u00eda Musical\",\"isPartOf\":{\"@id\":\"https:\/\/www.teoriamusical.es\/blog\/#website\"},\"datePublished\":\"2025-01-26T13:40:16+00:00\",\"dateModified\":\"2025-01-26T13:42:31+00:00\",\"description\":\"Masterclass de Composici\u00f3n con t\u00e9cnicas aplicables a cualquier estilo de m\u00fasica. M\u00e1s de 30 horas de formaci\u00f3n para mejorar tus composiciones.\",\"breadcrumb\":{\"@id\":\"https:\/\/www.teoriamusical.es\/blog\/composicion\/#breadcrumb\"},\"inLanguage\":\"es\",\"potentialAction\":[{\"@type\":\"ReadAction\",\"target\":[\"https:\/\/www.teoriamusical.es\/blog\/composicion\/\"]}]},{\"@type\":\"BreadcrumbList\",\"@id\":\"https:\/\/www.teoriamusical.es\/blog\/composicion\/#breadcrumb\",\"itemListElement\":[{\"@type\":\"ListItem\",\"position\":1,\"name\":\"Home\",\"item\":\"https:\/\/www.teoriamusical.es\/blog\/\"},{\"@type\":\"ListItem\",\"position\":2,\"name\":\"Masterclass de Composici\u00f3n\"}]},{\"@type\":\"WebSite\",\"@id\":\"https:\/\/www.teoriamusical.es\/blog\/#website\",\"url\":\"https:\/\/www.teoriamusical.es\/blog\/\",\"name\":\"Teor\u00eda Musical\",\"description\":\"Teor\u00eda Musical, Armon\u00eda Moderna y Cursos Online\",\"publisher\":{\"@id\":\"https:\/\/www.teoriamusical.es\/blog\/#\/schema\/person\/abbe30b6f6b449ac9e19ab236fe3d80c\"},\"potentialAction\":[{\"@type\":\"SearchAction\",\"target\":{\"@type\":\"EntryPoint\",\"urlTemplate\":\"https:\/\/www.teoriamusical.es\/blog\/?s={search_term_string}\"},\"query-input\":\"required name=search_term_string\"}],\"inLanguage\":\"es\"},{\"@type\":[\"Person\",\"Organization\"],\"@id\":\"https:\/\/www.teoriamusical.es\/blog\/#\/schema\/person\/abbe30b6f6b449ac9e19ab236fe3d80c\",\"name\":\"teoriamusical.es\",\"image\":{\"@type\":\"ImageObject\",\"inLanguage\":\"es\",\"@id\":\"https:\/\/www.teoriamusical.es\/blog\/#\/schema\/person\/image\/\",\"url\":\"https:\/\/secure.gravatar.com\/avatar\/1d7014e5a95916f717d86ab0aceffce14fd35c12b39d368d60384afae17e1760?s=96&d=mm&r=g\",\"contentUrl\":\"https:\/\/secure.gravatar.com\/avatar\/1d7014e5a95916f717d86ab0aceffce14fd35c12b39d368d60384afae17e1760?s=96&d=mm&r=g\",\"caption\":\"teoriamusical.es\"},\"logo\":{\"@id\":\"https:\/\/www.teoriamusical.es\/blog\/#\/schema\/person\/image\/\"}}]}<\/script>\n<!-- \/ Yoast SEO plugin. -->","yoast_head_json":{"title":"Masterclass de Composici\u00f3n - Teor\u00eda Musical","description":"Masterclass de Composici\u00f3n con t\u00e9cnicas aplicables a cualquier estilo de m\u00fasica. M\u00e1s de 30 horas de formaci\u00f3n para mejorar tus composiciones.","robots":{"index":"index","follow":"follow","max-snippet":"max-snippet:-1","max-image-preview":"max-image-preview:large","max-video-preview":"max-video-preview:-1"},"canonical":"https:\/\/www.teoriamusical.es\/blog\/composicion\/","og_locale":"es_ES","og_type":"article","og_title":"Masterclass de Composici\u00f3n - Teor\u00eda Musical","og_description":"Masterclass de Composici\u00f3n con t\u00e9cnicas aplicables a cualquier estilo de m\u00fasica. M\u00e1s de 30 horas de formaci\u00f3n para mejorar tus composiciones.","og_url":"https:\/\/www.teoriamusical.es\/blog\/composicion\/","og_site_name":"Teor\u00eda Musical","article_modified_time":"2025-01-26T13:42:31+00:00","twitter_card":"summary_large_image","twitter_misc":{"Tiempo de lectura":"2 minutos"},"schema":{"@context":"https:\/\/schema.org","@graph":[{"@type":"WebPage","@id":"https:\/\/www.teoriamusical.es\/blog\/composicion\/","url":"https:\/\/www.teoriamusical.es\/blog\/composicion\/","name":"Masterclass de Composici\u00f3n - Teor\u00eda Musical","isPartOf":{"@id":"https:\/\/www.teoriamusical.es\/blog\/#website"},"datePublished":"2025-01-26T13:40:16+00:00","dateModified":"2025-01-26T13:42:31+00:00","description":"Masterclass de Composici\u00f3n con t\u00e9cnicas aplicables a cualquier estilo de m\u00fasica. M\u00e1s de 30 horas de formaci\u00f3n para mejorar tus composiciones.","breadcrumb":{"@id":"https:\/\/www.teoriamusical.es\/blog\/composicion\/#breadcrumb"},"inLanguage":"es","potentialAction":[{"@type":"ReadAction","target":["https:\/\/www.teoriamusical.es\/blog\/composicion\/"]}]},{"@type":"BreadcrumbList","@id":"https:\/\/www.teoriamusical.es\/blog\/composicion\/#breadcrumb","itemListElement":[{"@type":"ListItem","position":1,"name":"Home","item":"https:\/\/www.teoriamusical.es\/blog\/"},{"@type":"ListItem","position":2,"name":"Masterclass de Composici\u00f3n"}]},{"@type":"WebSite","@id":"https:\/\/www.teoriamusical.es\/blog\/#website","url":"https:\/\/www.teoriamusical.es\/blog\/","name":"Teor\u00eda Musical","description":"Teor\u00eda Musical, Armon\u00eda Moderna y Cursos Online","publisher":{"@id":"https:\/\/www.teoriamusical.es\/blog\/#\/schema\/person\/abbe30b6f6b449ac9e19ab236fe3d80c"},"potentialAction":[{"@type":"SearchAction","target":{"@type":"EntryPoint","urlTemplate":"https:\/\/www.teoriamusical.es\/blog\/?s={search_term_string}"},"query-input":"required name=search_term_string"}],"inLanguage":"es"},{"@type":["Person","Organization"],"@id":"https:\/\/www.teoriamusical.es\/blog\/#\/schema\/person\/abbe30b6f6b449ac9e19ab236fe3d80c","name":"teoriamusical.es","image":{"@type":"ImageObject","inLanguage":"es","@id":"https:\/\/www.teoriamusical.es\/blog\/#\/schema\/person\/image\/","url":"https:\/\/secure.gravatar.com\/avatar\/1d7014e5a95916f717d86ab0aceffce14fd35c12b39d368d60384afae17e1760?s=96&d=mm&r=g","contentUrl":"https:\/\/secure.gravatar.com\/avatar\/1d7014e5a95916f717d86ab0aceffce14fd35c12b39d368d60384afae17e1760?s=96&d=mm&r=g","caption":"teoriamusical.es"},"logo":{"@id":"https:\/\/www.teoriamusical.es\/blog\/#\/schema\/person\/image\/"}}]}},"jetpack-related-posts":[{"id":65,"url":"https:\/\/www.teoriamusical.es\/blog\/cursos-de-musica\/","url_meta":{"origin":493,"position":0},"title":"Cursos de M\u00fasica: Temarios","date":"diciembre 5, 2019","format":false,"excerpt":"Aqu\u00ed tienes los temarios de los 3 Cursos de M\u00fasica Moderna disponibles en este momento. La idea de todos los cursos es que integres todas estas t\u00e9cnicas de composici\u00f3n y musicales en tu lenguaje diario, no que los veas como si fuesen un documental. Si te gusta curr\u00e1rtelo para mejorar,\u2026","rel":"","context":"Entrada similar","img":{"alt_text":"","src":"","width":0,"height":0},"classes":[]},{"id":79,"url":"https:\/\/www.teoriamusical.es\/blog\/clases-particulares-musica-online\/","url_meta":{"origin":493,"position":1},"title":"Clases Particulares de M\u00fasica: Online y Personalizadas","date":"diciembre 5, 2019","format":false,"excerpt":"Siempre digo que la gran ventaja de haber sido profesor en una academia privada de m\u00fasica moderna durante m\u00e1s de 12 a\u00f1os es la experiencia docente adquirida para llevar a buen puerto las Clases Particulares de M\u00fasica Online. El formato de las clases en aquel centro, donde tuve la suerte\u2026","rel":"","context":"Entrada similar","img":{"alt_text":"","src":"","width":0,"height":0},"classes":[]}],"_links":{"self":[{"href":"https:\/\/www.teoriamusical.es\/blog\/wp-json\/wp\/v2\/pages\/493","targetHints":{"allow":["GET"]}}],"collection":[{"href":"https:\/\/www.teoriamusical.es\/blog\/wp-json\/wp\/v2\/pages"}],"about":[{"href":"https:\/\/www.teoriamusical.es\/blog\/wp-json\/wp\/v2\/types\/page"}],"author":[{"embeddable":true,"href":"https:\/\/www.teoriamusical.es\/blog\/wp-json\/wp\/v2\/users\/1"}],"replies":[{"embeddable":true,"href":"https:\/\/www.teoriamusical.es\/blog\/wp-json\/wp\/v2\/comments?post=493"}],"version-history":[{"count":2,"href":"https:\/\/www.teoriamusical.es\/blog\/wp-json\/wp\/v2\/pages\/493\/revisions"}],"predecessor-version":[{"id":496,"href":"https:\/\/www.teoriamusical.es\/blog\/wp-json\/wp\/v2\/pages\/493\/revisions\/496"}],"wp:attachment":[{"href":"https:\/\/www.teoriamusical.es\/blog\/wp-json\/wp\/v2\/media?parent=493"}],"curies":[{"name":"wp","href":"https:\/\/api.w.org\/{rel}","templated":true}]}}